{"id":2244,"date":"2021-09-21T16:12:48","date_gmt":"2021-09-21T14:12:48","guid":{"rendered":"https:\/\/pladostelma.shop\/cr003-2-cartuccia-flo65\/"},"modified":"2026-03-10T16:03:32","modified_gmt":"2026-03-10T15:03:32","slug":"cr003-2-cartuccia-flo65","status":"publish","type":"product","link":"https:\/\/pladostelma.shop\/fr\/cr003-2-cartuccia-flo65\/","title":{"rendered":"CR003\/2 - Cartouche Flo65"},"content":{"rendered":"","protected":false},"excerpt":{"rendered":"<p>Cartouche pour mitigeur monocommande \u00e0 3 voies FLO65, troisi\u00e8me commande d'eau ind\u00e9pendante.<\/p>","protected":false},"featured_media":1313,"comment_status":"open","ping_status":"open","template":"","meta":{"_acf_changed":false,"_seopress_robots_primary_cat":"","_seopress_titles_title":"","_seopress_titles_desc":"","_seopress_robots_index":"","_uag_custom_page_level_css":"","iawp_total_views":78},"product_brand":[],"product_cat":[101,37],"product_tag":[],"class_list":{"0":"post-2244","1":"product","2":"type-product","3":"status-publish","4":"has-post-thumbnail","6":"product_cat-flo65","7":"product_cat-ricambi-miscelatori","9":"first","10":"instock","11":"taxable","12":"shipping-taxable","13":"purchasable","14":"product-type-simple"},"acf":[],"vendbase_acf":null,"vendbase_metabox":null,"uagb_featured_image_src":{"full":["https:\/\/pladostelma.shop\/wp-content\/uploads\/CR003-2.jpg",800,800,false],"thumbnail":["https:\/\/pladostelma.shop\/wp-content\/uploads\/CR003-2-150x150.jpg",150,150,true],"medium":["https:\/\/pladostelma.shop\/wp-content\/uploads\/CR003-2-300x300.jpg",300,300,true],"medium_large":["https:\/\/pladostelma.shop\/wp-content\/uploads\/CR003-2-768x768.jpg",768,768,true],"large":["https:\/\/pladostelma.shop\/wp-content\/uploads\/CR003-2-1024x1024.jpg",1024,1024,true],"1536x1536":["https:\/\/pladostelma.shop\/wp-content\/uploads\/CR003-2.jpg",800,800,false],"2048x2048":["https:\/\/pladostelma.shop\/wp-content\/uploads\/CR003-2.jpg",800,800,false],"trp-custom-language-flag":["https:\/\/pladostelma.shop\/wp-content\/uploads\/CR003-2.jpg",12,12,false],"woocommerce_thumbnail":["https:\/\/pladostelma.shop\/wp-content\/uploads\/CR003-2-300x300.jpg",300,300,true],"woocommerce_single":["https:\/\/pladostelma.shop\/wp-content\/uploads\/CR003-2-800x800.jpg",800,800,true],"woocommerce_gallery_thumbnail":["https:\/\/pladostelma.shop\/wp-content\/uploads\/CR003-2-100x100.jpg",100,100,true],"variation_swatches_image_size":["https:\/\/pladostelma.shop\/wp-content\/uploads\/CR003-2.jpg",50,50,false],"variation_swatches_tooltip_size":["https:\/\/pladostelma.shop\/wp-content\/uploads\/CR003-2.jpg",100,100,false]},"uagb_author_info":{"display_name":"admino","author_link":"https:\/\/pladostelma.shop\/fr\/author\/"},"uagb_comment_info":0,"uagb_excerpt":"Cartuccia per miscelatore monocomando FLO65 a 3 vie, comando terza acqua indipendente.","_links":{"self":[{"href":"https:\/\/pladostelma.shop\/fr\/wp-json\/wp\/v2\/product\/2244","targetHints":{"allow":["GET"]}}],"collection":[{"href":"https:\/\/pladostelma.shop\/fr\/wp-json\/wp\/v2\/product"}],"about":[{"href":"https:\/\/pladostelma.shop\/fr\/wp-json\/wp\/v2\/types\/product"}],"replies":[{"embeddable":true,"href":"https:\/\/pladostelma.shop\/fr\/wp-json\/wp\/v2\/comments?post=2244"}],"wp:featuredmedia":[{"embeddable":true,"href":"https:\/\/pladostelma.shop\/fr\/wp-json\/wp\/v2\/media\/1313"}],"wp:attachment":[{"href":"https:\/\/pladostelma.shop\/fr\/wp-json\/wp\/v2\/media?parent=2244"}],"wp:term":[{"taxonomy":"product_brand","embeddable":true,"href":"https:\/\/pladostelma.shop\/fr\/wp-json\/wp\/v2\/product_brand?post=2244"},{"taxonomy":"product_cat","embeddable":true,"href":"https:\/\/pladostelma.shop\/fr\/wp-json\/wp\/v2\/product_cat?post=2244"},{"taxonomy":"product_tag","embeddable":true,"href":"https:\/\/pladostelma.shop\/fr\/wp-json\/wp\/v2\/product_tag?post=2244"}],"curies":[{"name":"wp","href":"https:\/\/api.w.org\/{rel}","templated":true}]}}