{"id":2243,"date":"2021-09-21T16:12:48","date_gmt":"2021-09-21T14:12:48","guid":{"rendered":"https:\/\/pladostelma.shop\/92xx910-16x40c-leva-flo60-terza-via\/"},"modified":"2026-03-10T11:48:59","modified_gmt":"2026-03-10T10:48:59","slug":"92xx910-16x40c-leva-flo60-terza-via","status":"publish","type":"product","link":"https:\/\/pladostelma.shop\/fr\/92xx910-16x40c-leva-flo60-terza-via\/","title":{"rendered":"92XX910\/16X40C - Levier troisi\u00e8me voie Flo60"},"content":{"rendered":"","protected":false},"excerpt":{"rendered":"<p>Levier 3\u00e8me voie eau purifi\u00e9e, pour m\u00e9langeur Flo60. Variante \u00e0 pr\u00e9ciser dans les notes de commande.<\/p>","protected":false},"featured_media":1316,"comment_status":"open","ping_status":"open","template":"","meta":{"_acf_changed":false,"_seopress_robots_primary_cat":"","_seopress_titles_title":"","_seopress_titles_desc":"","_seopress_robots_index":"","_uag_custom_page_level_css":"","iawp_total_views":7},"product_brand":[],"product_cat":[100,37],"product_tag":[],"class_list":{"0":"post-2243","1":"product","2":"type-product","3":"status-publish","4":"has-post-thumbnail","6":"product_cat-flo60","7":"product_cat-ricambi-miscelatori","9":"first","10":"instock","11":"taxable","12":"shipping-taxable","13":"purchasable","14":"product-type-simple"},"acf":[],"vendbase_acf":null,"vendbase_metabox":null,"uagb_featured_image_src":{"full":["https:\/\/pladostelma.shop\/wp-content\/uploads\/92XX910-16X40C.jpg",800,800,false],"thumbnail":["https:\/\/pladostelma.shop\/wp-content\/uploads\/92XX910-16X40C-150x150.jpg",150,150,true],"medium":["https:\/\/pladostelma.shop\/wp-content\/uploads\/92XX910-16X40C-300x300.jpg",300,300,true],"medium_large":["https:\/\/pladostelma.shop\/wp-content\/uploads\/92XX910-16X40C-768x768.jpg",768,768,true],"large":["https:\/\/pladostelma.shop\/wp-content\/uploads\/92XX910-16X40C-1024x1024.jpg",1024,1024,true],"1536x1536":["https:\/\/pladostelma.shop\/wp-content\/uploads\/92XX910-16X40C.jpg",800,800,false],"2048x2048":["https:\/\/pladostelma.shop\/wp-content\/uploads\/92XX910-16X40C.jpg",800,800,false],"trp-custom-language-flag":["https:\/\/pladostelma.shop\/wp-content\/uploads\/92XX910-16X40C.jpg",12,12,false],"woocommerce_thumbnail":["https:\/\/pladostelma.shop\/wp-content\/uploads\/92XX910-16X40C-300x300.jpg",300,300,true],"woocommerce_single":["https:\/\/pladostelma.shop\/wp-content\/uploads\/92XX910-16X40C-800x800.jpg",800,800,true],"woocommerce_gallery_thumbnail":["https:\/\/pladostelma.shop\/wp-content\/uploads\/92XX910-16X40C-100x100.jpg",100,100,true],"variation_swatches_image_size":["https:\/\/pladostelma.shop\/wp-content\/uploads\/92XX910-16X40C.jpg",50,50,false],"variation_swatches_tooltip_size":["https:\/\/pladostelma.shop\/wp-content\/uploads\/92XX910-16X40C.jpg",100,100,false]},"uagb_author_info":{"display_name":"admino","author_link":"https:\/\/pladostelma.shop\/fr\/author\/"},"uagb_comment_info":0,"uagb_excerpt":"Leva 3\u00b0 via acqua depurata, per miscelatore Flo60. Variante da specificare nelle note dell'ordine.","_links":{"self":[{"href":"https:\/\/pladostelma.shop\/fr\/wp-json\/wp\/v2\/product\/2243","targetHints":{"allow":["GET"]}}],"collection":[{"href":"https:\/\/pladostelma.shop\/fr\/wp-json\/wp\/v2\/product"}],"about":[{"href":"https:\/\/pladostelma.shop\/fr\/wp-json\/wp\/v2\/types\/product"}],"replies":[{"embeddable":true,"href":"https:\/\/pladostelma.shop\/fr\/wp-json\/wp\/v2\/comments?post=2243"}],"wp:featuredmedia":[{"embeddable":true,"href":"https:\/\/pladostelma.shop\/fr\/wp-json\/wp\/v2\/media\/1316"}],"wp:attachment":[{"href":"https:\/\/pladostelma.shop\/fr\/wp-json\/wp\/v2\/media?parent=2243"}],"wp:term":[{"taxonomy":"product_brand","embeddable":true,"href":"https:\/\/pladostelma.shop\/fr\/wp-json\/wp\/v2\/product_brand?post=2243"},{"taxonomy":"product_cat","embeddable":true,"href":"https:\/\/pladostelma.shop\/fr\/wp-json\/wp\/v2\/product_cat?post=2243"},{"taxonomy":"product_tag","embeddable":true,"href":"https:\/\/pladostelma.shop\/fr\/wp-json\/wp\/v2\/product_tag?post=2243"}],"curies":[{"name":"wp","href":"https:\/\/api.w.org\/{rel}","templated":true}]}}