{"id":2103,"date":"2021-09-21T16:11:58","date_gmt":"2021-09-21T14:11:58","guid":{"rendered":"https:\/\/pladostelma.shop\/p8201rm18-5x1-aeratore-newmix80\/"},"modified":"2026-03-10T16:04:44","modified_gmt":"2026-03-10T15:04:44","slug":"p8201rm18-5x1-aeratore-newmix80","status":"publish","type":"product","link":"https:\/\/pladostelma.shop\/fr\/p8201rm18-5x1-aeratore-newmix80\/","title":{"rendered":"P8201RM18.5X1 - A\u00e9rateur Newmix80"},"content":{"rendered":"","protected":false},"excerpt":{"rendered":"<p>A\u00e9rateur complet pour le m\u00e9langeur Newmix80.<\/p>","protected":false},"featured_media":0,"comment_status":"open","ping_status":"open","template":"","meta":{"_acf_changed":false,"_seopress_robots_primary_cat":"","_seopress_titles_title":"","_seopress_titles_desc":"","_seopress_robots_index":"","_uag_custom_page_level_css":"","iawp_total_views":13},"product_brand":[],"product_cat":[70,37],"product_tag":[],"class_list":{"0":"post-2103","1":"product","2":"type-product","3":"status-publish","5":"product_cat-newmix80","6":"product_cat-ricambi-miscelatori","8":"first","9":"instock","10":"taxable","11":"shipping-taxable","12":"purchasable","13":"product-type-simple"},"acf":[],"vendbase_acf":null,"vendbase_metabox":null,"uagb_featured_image_src":{"full":false,"thumbnail":false,"medium":false,"medium_large":false,"large":false,"1536x1536":false,"2048x2048":false,"trp-custom-language-flag":false,"woocommerce_thumbnail":false,"woocommerce_single":false,"woocommerce_gallery_thumbnail":false,"variation_swatches_image_size":false,"variation_swatches_tooltip_size":false},"uagb_author_info":{"display_name":"admino","author_link":"https:\/\/pladostelma.shop\/fr\/author\/"},"uagb_comment_info":0,"uagb_excerpt":"Aeratore completo per miscelatore Newmix80.","_links":{"self":[{"href":"https:\/\/pladostelma.shop\/fr\/wp-json\/wp\/v2\/product\/2103","targetHints":{"allow":["GET"]}}],"collection":[{"href":"https:\/\/pladostelma.shop\/fr\/wp-json\/wp\/v2\/product"}],"about":[{"href":"https:\/\/pladostelma.shop\/fr\/wp-json\/wp\/v2\/types\/product"}],"replies":[{"embeddable":true,"href":"https:\/\/pladostelma.shop\/fr\/wp-json\/wp\/v2\/comments?post=2103"}],"wp:attachment":[{"href":"https:\/\/pladostelma.shop\/fr\/wp-json\/wp\/v2\/media?parent=2103"}],"wp:term":[{"taxonomy":"product_brand","embeddable":true,"href":"https:\/\/pladostelma.shop\/fr\/wp-json\/wp\/v2\/product_brand?post=2103"},{"taxonomy":"product_cat","embeddable":true,"href":"https:\/\/pladostelma.shop\/fr\/wp-json\/wp\/v2\/product_cat?post=2103"},{"taxonomy":"product_tag","embeddable":true,"href":"https:\/\/pladostelma.shop\/fr\/wp-json\/wp\/v2\/product_tag?post=2103"}],"curies":[{"name":"wp","href":"https:\/\/api.w.org\/{rel}","templated":true}]}}