{"id":1863,"date":"2021-09-21T16:10:43","date_gmt":"2021-09-21T14:10:43","guid":{"rendered":"https:\/\/pladostelma.shop\/brillcare\/"},"modified":"2026-03-10T11:50:19","modified_gmt":"2026-03-10T10:50:19","slug":"brillcare","status":"publish","type":"product","link":"https:\/\/pladostelma.shop\/fr\/brillcare\/","title":{"rendered":"BRILLIANT"},"content":{"rendered":"","protected":false},"excerpt":{"rendered":"<p><b>BRILLIANT<\/b><\/p>\n<p>500 ml - BRILLCARE est un nettoyant \u00e0 base d'eau, formul\u00e9 avec des agents d'origine v\u00e9g\u00e9tale rapidement biod\u00e9gradables, reconnus et certifi\u00e9s ECOLABEL. Il est id\u00e9al pour le nettoyage quotidien des \u00e9viers et de toutes les surfaces lavables de la cuisine. BRILLCARE respecte les surfaces et ne laisse pas de traces.<\/p>\n<p>- Bon pouvoir d\u00e9graissant<\/p>\n<p>- Laisse un parfum agr\u00e9able<\/p>\n<p>- \u00c9cologique<\/p>","protected":false},"featured_media":3205,"comment_status":"open","ping_status":"open","template":"","meta":{"_acf_changed":false,"_seopress_robots_primary_cat":"","_seopress_titles_title":"","_seopress_titles_desc":"","_seopress_robots_index":"","_uag_custom_page_level_css":"","iawp_total_views":978},"product_brand":[],"product_cat":[23,49],"product_tag":[],"class_list":{"0":"post-1863","1":"product","2":"type-product","3":"status-publish","4":"has-post-thumbnail","6":"product_cat-accessori-lavelli","7":"product_cat-manutenzione-e-pulizia","9":"first","10":"instock","11":"taxable","12":"shipping-taxable","13":"purchasable","14":"product-type-simple"},"acf":[],"vendbase_acf":null,"vendbase_metabox":null,"uagb_featured_image_src":{"full":["https:\/\/pladostelma.shop\/wp-content\/uploads\/BRILLCARE-2.jpg",622,1280,false],"thumbnail":["https:\/\/pladostelma.shop\/wp-content\/uploads\/BRILLCARE-2-150x150.jpg",150,150,true],"medium":["https:\/\/pladostelma.shop\/wp-content\/uploads\/BRILLCARE-2-300x300.jpg",300,300,true],"medium_large":["https:\/\/pladostelma.shop\/wp-content\/uploads\/BRILLCARE-2-768x768.jpg",768,768,true],"large":["https:\/\/pladostelma.shop\/wp-content\/uploads\/BRILLCARE-2-1024x1024.jpg",1024,1024,true],"1536x1536":["https:\/\/pladostelma.shop\/wp-content\/uploads\/BRILLCARE-2.jpg",622,1280,false],"2048x2048":["https:\/\/pladostelma.shop\/wp-content\/uploads\/BRILLCARE-2.jpg",622,1280,false],"trp-custom-language-flag":["https:\/\/pladostelma.shop\/wp-content\/uploads\/BRILLCARE-2.jpg",6,12,false],"woocommerce_thumbnail":["https:\/\/pladostelma.shop\/wp-content\/uploads\/BRILLCARE-2-300x300.jpg",300,300,true],"woocommerce_single":["https:\/\/pladostelma.shop\/wp-content\/uploads\/BRILLCARE-2-800x800.jpg",800,800,true],"woocommerce_gallery_thumbnail":["https:\/\/pladostelma.shop\/wp-content\/uploads\/BRILLCARE-2-100x100.jpg",100,100,true],"variation_swatches_image_size":["https:\/\/pladostelma.shop\/wp-content\/uploads\/BRILLCARE-2.jpg",24,50,false],"variation_swatches_tooltip_size":["https:\/\/pladostelma.shop\/wp-content\/uploads\/BRILLCARE-2.jpg",49,100,false]},"uagb_author_info":{"display_name":"admino","author_link":"https:\/\/pladostelma.shop\/fr\/author\/"},"uagb_comment_info":0,"uagb_excerpt":"BRILLCARE 500 ml - BRILLCARE \u00e8 un detergente a base d\u2019acqua, formulato con agenti di derivazione vegetale velocemente biodegradabili, riconosciuti e certificati ECOLABEL. \u00c8 ideale per la pulizia quotidiana dei lavelli e di tutte le superfici lavabili della cucina. BRILLCARE rispetta le superfici e non lascia aloni. \u2022 Buon potere sgrassante \u2022 Lascia un gradevole\u2026","_links":{"self":[{"href":"https:\/\/pladostelma.shop\/fr\/wp-json\/wp\/v2\/product\/1863","targetHints":{"allow":["GET"]}}],"collection":[{"href":"https:\/\/pladostelma.shop\/fr\/wp-json\/wp\/v2\/product"}],"about":[{"href":"https:\/\/pladostelma.shop\/fr\/wp-json\/wp\/v2\/types\/product"}],"replies":[{"embeddable":true,"href":"https:\/\/pladostelma.shop\/fr\/wp-json\/wp\/v2\/comments?post=1863"}],"wp:featuredmedia":[{"embeddable":true,"href":"https:\/\/pladostelma.shop\/fr\/wp-json\/wp\/v2\/media\/3205"}],"wp:attachment":[{"href":"https:\/\/pladostelma.shop\/fr\/wp-json\/wp\/v2\/media?parent=1863"}],"wp:term":[{"taxonomy":"product_brand","embeddable":true,"href":"https:\/\/pladostelma.shop\/fr\/wp-json\/wp\/v2\/product_brand?post=1863"},{"taxonomy":"product_cat","embeddable":true,"href":"https:\/\/pladostelma.shop\/fr\/wp-json\/wp\/v2\/product_cat?post=1863"},{"taxonomy":"product_tag","embeddable":true,"href":"https:\/\/pladostelma.shop\/fr\/wp-json\/wp\/v2\/product_tag?post=1863"}],"curies":[{"name":"wp","href":"https:\/\/api.w.org\/{rel}","templated":true}]}}