{"id":1845,"date":"2021-09-21T16:10:31","date_gmt":"2021-09-21T14:10:31","guid":{"rendered":"https:\/\/pladostelma.shop\/dispenser-cromato\/"},"modified":"2026-03-10T16:06:05","modified_gmt":"2026-03-10T15:06:05","slug":"dispenser","status":"publish","type":"product","link":"https:\/\/pladostelma.shop\/fr\/dispenser\/","title":{"rendered":"DISTRIBUTEUR DE SAVON LIQUIDE"},"content":{"rendered":"","protected":false},"excerpt":{"rendered":"<p>Distributeur de savon liquide. Pour tous les mod\u00e8les o\u00f9 l'insertion est possible - voir le pr\u00e9-per\u00e7age sous l'\u00e9vier.<\/p>","protected":false},"featured_media":3164,"comment_status":"open","ping_status":"open","template":"","meta":{"_acf_changed":false,"_seopress_robots_primary_cat":"","_seopress_titles_title":"","_seopress_titles_desc":"","_seopress_robots_index":"","_uag_custom_page_level_css":"","iawp_total_views":390},"product_brand":[],"product_cat":[118,119,23],"product_tag":[],"class_list":{"0":"post-1845","1":"product","2":"type-product","3":"status-publish","4":"has-post-thumbnail","6":"product_cat-accessori-coordinati","7":"product_cat-accessori-design","8":"product_cat-accessori-lavelli","9":"pa_scegli-il-colore-40-cromo","10":"pa_scegli-il-colore-70-nero-matt","12":"first","13":"instock","14":"taxable","15":"shipping-taxable","16":"purchasable","17":"product-type-variable","18":"wvs-archive-product-wrapper"},"acf":[],"vendbase_acf":null,"vendbase_metabox":null,"uagb_featured_image_src":{"full":["https:\/\/pladostelma.shop\/wp-content\/uploads\/DISP_70.jpg",657,1280,false],"thumbnail":["https:\/\/pladostelma.shop\/wp-content\/uploads\/DISP_70-150x150.jpg",150,150,true],"medium":["https:\/\/pladostelma.shop\/wp-content\/uploads\/DISP_70-300x300.jpg",300,300,true],"medium_large":["https:\/\/pladostelma.shop\/wp-content\/uploads\/DISP_70-768x768.jpg",768,768,true],"large":["https:\/\/pladostelma.shop\/wp-content\/uploads\/DISP_70-1024x1024.jpg",1024,1024,true],"1536x1536":["https:\/\/pladostelma.shop\/wp-content\/uploads\/DISP_70.jpg",657,1280,false],"2048x2048":["https:\/\/pladostelma.shop\/wp-content\/uploads\/DISP_70.jpg",657,1280,false],"trp-custom-language-flag":["https:\/\/pladostelma.shop\/wp-content\/uploads\/DISP_70.jpg",6,12,false],"woocommerce_thumbnail":["https:\/\/pladostelma.shop\/wp-content\/uploads\/DISP_70-300x300.jpg",300,300,true],"woocommerce_single":["https:\/\/pladostelma.shop\/wp-content\/uploads\/DISP_70-800x800.jpg",800,800,true],"woocommerce_gallery_thumbnail":["https:\/\/pladostelma.shop\/wp-content\/uploads\/DISP_70-100x100.jpg",100,100,true],"variation_swatches_image_size":["https:\/\/pladostelma.shop\/wp-content\/uploads\/DISP_70.jpg",26,50,false],"variation_swatches_tooltip_size":["https:\/\/pladostelma.shop\/wp-content\/uploads\/DISP_70.jpg",51,100,false]},"uagb_author_info":{"display_name":"admino","author_link":"https:\/\/pladostelma.shop\/fr\/author\/"},"uagb_comment_info":0,"uagb_excerpt":"Dispenser per sapone liquido. Per tutti i modelli dove \u00e8 possibile l'inserimento - vedi pre fori sotto il lavello.","_links":{"self":[{"href":"https:\/\/pladostelma.shop\/fr\/wp-json\/wp\/v2\/product\/1845","targetHints":{"allow":["GET"]}}],"collection":[{"href":"https:\/\/pladostelma.shop\/fr\/wp-json\/wp\/v2\/product"}],"about":[{"href":"https:\/\/pladostelma.shop\/fr\/wp-json\/wp\/v2\/types\/product"}],"replies":[{"embeddable":true,"href":"https:\/\/pladostelma.shop\/fr\/wp-json\/wp\/v2\/comments?post=1845"}],"wp:featuredmedia":[{"embeddable":true,"href":"https:\/\/pladostelma.shop\/fr\/wp-json\/wp\/v2\/media\/3164"}],"wp:attachment":[{"href":"https:\/\/pladostelma.shop\/fr\/wp-json\/wp\/v2\/media?parent=1845"}],"wp:term":[{"taxonomy":"product_brand","embeddable":true,"href":"https:\/\/pladostelma.shop\/fr\/wp-json\/wp\/v2\/product_brand?post=1845"},{"taxonomy":"product_cat","embeddable":true,"href":"https:\/\/pladostelma.shop\/fr\/wp-json\/wp\/v2\/product_cat?post=1845"},{"taxonomy":"product_tag","embeddable":true,"href":"https:\/\/pladostelma.shop\/fr\/wp-json\/wp\/v2\/product_tag?post=1845"}],"curies":[{"name":"wp","href":"https:\/\/api.w.org\/{rel}","templated":true}]}}