{"id":1842,"date":"2021-09-21T16:10:31","date_gmt":"2021-09-21T14:10:31","guid":{"rendered":"https:\/\/pladostelma.shop\/rollup-sgocciolatoio-pieghevole-in-acciaio-inox\/"},"modified":"2026-03-10T16:01:35","modified_gmt":"2026-03-10T15:01:35","slug":"rollup","status":"publish","type":"product","link":"https:\/\/pladostelma.shop\/fr\/rollup\/","title":{"rendered":"ROLLUP - Bac d'\u00e9gouttage enroulable"},"content":{"rendered":"","protected":false},"excerpt":{"rendered":"<p>454 x 315 mm - Bac de r\u00e9cup\u00e9ration en acier inoxydable et en silicone, universel.<\/p>","protected":false},"featured_media":3171,"comment_status":"open","ping_status":"open","template":"","meta":{"_acf_changed":false,"_seopress_robots_primary_cat":"","_seopress_titles_title":"","_seopress_titles_desc":"","_seopress_robots_index":"","_uag_custom_page_level_css":"","iawp_total_views":259},"product_brand":[],"product_cat":[119,23],"product_tag":[],"class_list":{"0":"post-1842","1":"product","2":"type-product","3":"status-publish","4":"has-post-thumbnail","6":"product_cat-accessori-design","7":"product_cat-accessori-lavelli","9":"first","10":"instock","11":"taxable","12":"shipping-taxable","13":"purchasable","14":"product-type-simple"},"acf":[],"vendbase_acf":null,"vendbase_metabox":null,"uagb_featured_image_src":{"full":["https:\/\/pladostelma.shop\/wp-content\/uploads\/ROLLUP-jpg.webp",1161,1181,false],"thumbnail":["https:\/\/pladostelma.shop\/wp-content\/uploads\/ROLLUP-jpg-150x150.webp.jpg",150,150,true],"medium":["https:\/\/pladostelma.shop\/wp-content\/uploads\/ROLLUP-jpg-300x300.webp.jpg",300,300,true],"medium_large":["https:\/\/pladostelma.shop\/wp-content\/uploads\/ROLLUP-jpg-768x768.webp.jpg",768,768,true],"large":["https:\/\/pladostelma.shop\/wp-content\/uploads\/ROLLUP-jpg-1024x1024.webp.jpg",1024,1024,true],"1536x1536":["https:\/\/pladostelma.shop\/wp-content\/uploads\/ROLLUP-jpg.webp",1161,1181,false],"2048x2048":["https:\/\/pladostelma.shop\/wp-content\/uploads\/ROLLUP-jpg.webp",1161,1181,false],"trp-custom-language-flag":["https:\/\/pladostelma.shop\/wp-content\/uploads\/ROLLUP-jpg.webp",12,12,false],"woocommerce_thumbnail":["https:\/\/pladostelma.shop\/wp-content\/uploads\/ROLLUP-jpg-300x300.webp.jpg",300,300,true],"woocommerce_single":["https:\/\/pladostelma.shop\/wp-content\/uploads\/ROLLUP-jpg-800x800.webp.jpg",800,800,true],"woocommerce_gallery_thumbnail":["https:\/\/pladostelma.shop\/wp-content\/uploads\/ROLLUP-jpg-100x100.webp.jpg",100,100,true],"variation_swatches_image_size":["https:\/\/pladostelma.shop\/wp-content\/uploads\/ROLLUP-jpg.webp",50,50,false],"variation_swatches_tooltip_size":["https:\/\/pladostelma.shop\/wp-content\/uploads\/ROLLUP-jpg.webp",98,100,false]},"uagb_author_info":{"display_name":"admino","author_link":"https:\/\/pladostelma.shop\/fr\/author\/"},"uagb_comment_info":0,"uagb_excerpt":"454 x 315 mm - Gocciolatoio avvolgibile in acciaio inox e silicone, universale.","_links":{"self":[{"href":"https:\/\/pladostelma.shop\/fr\/wp-json\/wp\/v2\/product\/1842","targetHints":{"allow":["GET"]}}],"collection":[{"href":"https:\/\/pladostelma.shop\/fr\/wp-json\/wp\/v2\/product"}],"about":[{"href":"https:\/\/pladostelma.shop\/fr\/wp-json\/wp\/v2\/types\/product"}],"replies":[{"embeddable":true,"href":"https:\/\/pladostelma.shop\/fr\/wp-json\/wp\/v2\/comments?post=1842"}],"wp:featuredmedia":[{"embeddable":true,"href":"https:\/\/pladostelma.shop\/fr\/wp-json\/wp\/v2\/media\/3171"}],"wp:attachment":[{"href":"https:\/\/pladostelma.shop\/fr\/wp-json\/wp\/v2\/media?parent=1842"}],"wp:term":[{"taxonomy":"product_brand","embeddable":true,"href":"https:\/\/pladostelma.shop\/fr\/wp-json\/wp\/v2\/product_brand?post=1842"},{"taxonomy":"product_cat","embeddable":true,"href":"https:\/\/pladostelma.shop\/fr\/wp-json\/wp\/v2\/product_cat?post=1842"},{"taxonomy":"product_tag","embeddable":true,"href":"https:\/\/pladostelma.shop\/fr\/wp-json\/wp\/v2\/product_tag?post=1842"}],"curies":[{"name":"wp","href":"https:\/\/api.w.org\/{rel}","templated":true}]}}