{"id":1495,"date":"2021-09-21T12:19:14","date_gmt":"2021-09-21T10:19:14","guid":{"rendered":"https:\/\/pladostelma.shop\/?page_id=1495"},"modified":"2021-09-21T12:19:17","modified_gmt":"2021-09-21T10:19:17","slug":"metodi-di-pagamento","status":"publish","type":"page","link":"https:\/\/pladostelma.shop\/fr\/metodi-di-pagamento\/","title":{"rendered":"M\u00e9thodes de paiement"},"content":{"rendered":"<p>Vous pouvez acheter sur notre site par l'interm\u00e9diaire de nos partenaires, Stripe, Paypal et le virement bancaire.<\/p>\n\n\n\n<p>Stripe g\u00e8re toutes les donn\u00e9es relatives aux cartes de cr\u00e9dit. Aucune information ne transite par notre site, toutes les informations relatives au paiement par carte sont trait\u00e9es par Stripe sur leurs serveurs avec des mesures de s\u00e9curit\u00e9 extr\u00eames.<\/p>\n\n\n\n<p>Avec un compte Paypal, vous pouvez payer via Paypal en utilisant l'une des nombreuses m\u00e9thodes de paiement disponibles.<\/p>","protected":false},"excerpt":{"rendered":"<p>\u00c8 possibile acquistare nel nostro sito attraverso i nostri Partner, Stripe, Paypal e Bonifico Bancario. Stripe gestisce tutti i dati relativi alle Carte di Credito, nessuna informazione passa nel nostro sito, tutte le informazioni relative ai pagamenti con carta sono gestite da Stripe nei loro server con estreme misure di sicurezza. Con un account Paypal, [&hellip;]<\/p>\n","protected":false},"author":1,"featured_media":0,"parent":0,"menu_order":0,"comment_status":"closed","ping_status":"closed","template":"","meta":{"_acf_changed":false,"_seopress_robots_primary_cat":"","_seopress_titles_title":"","_seopress_titles_desc":"","_seopress_robots_index":"","_seopress_analysis_target_kw":"","_uag_custom_page_level_css":"","iawp_total_views":144,"footnotes":""},"class_list":["post-1495","page","type-page","status-publish","hentry"],"acf":[],"uagb_featured_image_src":{"full":false,"thumbnail":false,"medium":false,"medium_large":false,"large":false,"1536x1536":false,"2048x2048":false,"trp-custom-language-flag":false,"woocommerce_thumbnail":false,"woocommerce_single":false,"woocommerce_gallery_thumbnail":false,"variation_swatches_image_size":false,"variation_swatches_tooltip_size":false},"uagb_author_info":{"display_name":"admino","author_link":"https:\/\/pladostelma.shop\/fr\/author\/admino\/"},"uagb_comment_info":0,"uagb_excerpt":"\u00c8 possibile acquistare nel nostro sito attraverso i nostri Partner, Stripe, Paypal e Bonifico Bancario. Stripe gestisce tutti i dati relativi alle Carte di Credito, nessuna informazione passa nel nostro sito, tutte le informazioni relative ai pagamenti con carta sono gestite da Stripe nei loro server con estreme misure di sicurezza. Con un account Paypal,\u2026","_links":{"self":[{"href":"https:\/\/pladostelma.shop\/fr\/wp-json\/wp\/v2\/pages\/1495","targetHints":{"allow":["GET"]}}],"collection":[{"href":"https:\/\/pladostelma.shop\/fr\/wp-json\/wp\/v2\/pages"}],"about":[{"href":"https:\/\/pladostelma.shop\/fr\/wp-json\/wp\/v2\/types\/page"}],"author":[{"embeddable":true,"href":"https:\/\/pladostelma.shop\/fr\/wp-json\/wp\/v2\/users\/1"}],"replies":[{"embeddable":true,"href":"https:\/\/pladostelma.shop\/fr\/wp-json\/wp\/v2\/comments?post=1495"}],"version-history":[{"count":1,"href":"https:\/\/pladostelma.shop\/fr\/wp-json\/wp\/v2\/pages\/1495\/revisions"}],"predecessor-version":[{"id":1496,"href":"https:\/\/pladostelma.shop\/fr\/wp-json\/wp\/v2\/pages\/1495\/revisions\/1496"}],"wp:attachment":[{"href":"https:\/\/pladostelma.shop\/fr\/wp-json\/wp\/v2\/media?parent=1495"}],"curies":[{"name":"wp","href":"https:\/\/api.w.org\/{rel}","templated":true}]}}