{"id":2525,"date":"2022-06-02T04:23:05","date_gmt":"2022-06-02T02:23:05","guid":{"rendered":"https:\/\/pladostelma.shop\/?post_type=product&#038;p=2525"},"modified":"2026-03-10T16:01:00","modified_gmt":"2026-03-10T15:01:00","slug":"kitfresa","status":"publish","type":"product","link":"https:\/\/pladostelma.shop\/es\/kitfresa\/","title":{"rendered":"KITFRESA"},"content":{"rendered":"","protected":false},"excerpt":{"rendered":"<p>Kit de perforaci\u00f3n de fregaderos, compuesto por v\u00e1stago + broca de diamante \u00d8 35-37 mm.<\/p>","protected":false},"featured_media":2526,"comment_status":"open","ping_status":"open","template":"","meta":{"_acf_changed":false,"_seopress_robots_primary_cat":"","_seopress_titles_title":"","_seopress_titles_desc":"","_seopress_robots_index":"","_uag_custom_page_level_css":"","iawp_total_views":25},"product_brand":[],"product_cat":[23,123],"product_tag":[],"class_list":{"0":"post-2525","1":"product","2":"type-product","3":"status-publish","4":"has-post-thumbnail","6":"product_cat-accessori-lavelli","7":"product_cat-altri-accessori-e-ricambi","9":"first","10":"instock","11":"taxable","12":"shipping-taxable","13":"purchasable","14":"product-type-simple"},"acf":[],"vendbase_acf":null,"vendbase_metabox":null,"uagb_featured_image_src":{"full":["https:\/\/pladostelma.shop\/wp-content\/uploads\/KITFRESA.jpg",175,369,false],"thumbnail":["https:\/\/pladostelma.shop\/wp-content\/uploads\/KITFRESA-150x150.jpg",150,150,true],"medium":["https:\/\/pladostelma.shop\/wp-content\/uploads\/KITFRESA-300x300.jpg",300,300,true],"medium_large":["https:\/\/pladostelma.shop\/wp-content\/uploads\/KITFRESA-768x768.jpg",768,768,true],"large":["https:\/\/pladostelma.shop\/wp-content\/uploads\/KITFRESA-1024x1024.jpg",1024,1024,true],"1536x1536":["https:\/\/pladostelma.shop\/wp-content\/uploads\/KITFRESA.jpg",175,369,false],"2048x2048":["https:\/\/pladostelma.shop\/wp-content\/uploads\/KITFRESA.jpg",175,369,false],"trp-custom-language-flag":["https:\/\/pladostelma.shop\/wp-content\/uploads\/KITFRESA.jpg",6,12,false],"woocommerce_thumbnail":["https:\/\/pladostelma.shop\/wp-content\/uploads\/KITFRESA-300x300.jpg",300,300,true],"woocommerce_single":["https:\/\/pladostelma.shop\/wp-content\/uploads\/KITFRESA-800x800.jpg",800,800,true],"woocommerce_gallery_thumbnail":["https:\/\/pladostelma.shop\/wp-content\/uploads\/KITFRESA-100x100.jpg",100,100,true],"variation_swatches_image_size":["https:\/\/pladostelma.shop\/wp-content\/uploads\/KITFRESA.jpg",24,50,false],"variation_swatches_tooltip_size":["https:\/\/pladostelma.shop\/wp-content\/uploads\/KITFRESA.jpg",47,100,false]},"uagb_author_info":{"display_name":"admino","author_link":"https:\/\/pladostelma.shop\/es\/author\/"},"uagb_comment_info":0,"uagb_excerpt":"Kit per foratura del lavello, composto da codolo + fresa diamantata \u00d8 35-37 mm.","_links":{"self":[{"href":"https:\/\/pladostelma.shop\/es\/wp-json\/wp\/v2\/product\/2525","targetHints":{"allow":["GET"]}}],"collection":[{"href":"https:\/\/pladostelma.shop\/es\/wp-json\/wp\/v2\/product"}],"about":[{"href":"https:\/\/pladostelma.shop\/es\/wp-json\/wp\/v2\/types\/product"}],"replies":[{"embeddable":true,"href":"https:\/\/pladostelma.shop\/es\/wp-json\/wp\/v2\/comments?post=2525"}],"wp:featuredmedia":[{"embeddable":true,"href":"https:\/\/pladostelma.shop\/es\/wp-json\/wp\/v2\/media\/2526"}],"wp:attachment":[{"href":"https:\/\/pladostelma.shop\/es\/wp-json\/wp\/v2\/media?parent=2525"}],"wp:term":[{"taxonomy":"product_brand","embeddable":true,"href":"https:\/\/pladostelma.shop\/es\/wp-json\/wp\/v2\/product_brand?post=2525"},{"taxonomy":"product_cat","embeddable":true,"href":"https:\/\/pladostelma.shop\/es\/wp-json\/wp\/v2\/product_cat?post=2525"},{"taxonomy":"product_tag","embeddable":true,"href":"https:\/\/pladostelma.shop\/es\/wp-json\/wp\/v2\/product_tag?post=2525"}],"curies":[{"name":"wp","href":"https:\/\/api.w.org\/{rel}","templated":true}]}}