{"id":2513,"date":"2022-06-24T15:03:32","date_gmt":"2022-06-24T13:03:32","guid":{"rendered":"https:\/\/pladostelma.shop\/?post_type=product&#038;p=2513"},"modified":"2026-03-10T16:02:20","modified_gmt":"2026-03-10T15:02:20","slug":"kitpvd1","status":"publish","type":"product","link":"https:\/\/pladostelma.shop\/es\/kitpvd1\/","title":{"rendered":"KITPVD1"},"content":{"rendered":"","protected":false},"excerpt":{"rendered":"<p>Desag\u00fce unidireccional, 1 rejilla de rebose rectangular, 1 rejilla de rebose redonda, de PVD. Tambi\u00e9n se puede solicitar despu\u00e9s de pedir el fregadero. Compatible con todos los desag\u00fces est\u00e1ndar de 3,5\".<\/p>\n<p>Tama\u00f1o: \u00f8 90 mm<\/p>","protected":false},"featured_media":3134,"comment_status":"open","ping_status":"open","template":"","meta":{"_acf_changed":false,"_seopress_robots_primary_cat":"","_seopress_titles_title":"","_seopress_titles_desc":"","_seopress_robots_index":"","_uag_custom_page_level_css":"","iawp_total_views":346},"product_brand":[],"product_cat":[118,23],"product_tag":[],"class_list":{"0":"post-2513","1":"product","2":"type-product","3":"status-publish","4":"has-post-thumbnail","6":"product_cat-accessori-coordinati","7":"product_cat-accessori-lavelli","8":"pa_scegli-il-colore-gun-metal","9":"pa_scegli-il-colore-oro","10":"pa_scegli-il-colore-rame","12":"first","13":"outofstock","14":"taxable","15":"shipping-taxable","16":"purchasable","17":"product-type-variable","18":"wvs-archive-product-wrapper"},"acf":[],"vendbase_acf":null,"vendbase_metabox":null,"uagb_featured_image_src":{"full":["https:\/\/pladostelma.shop\/wp-content\/uploads\/KITPVD1BL.jpg",1280,1280,false],"thumbnail":["https:\/\/pladostelma.shop\/wp-content\/uploads\/KITPVD1BL-150x150.jpg",150,150,true],"medium":["https:\/\/pladostelma.shop\/wp-content\/uploads\/KITPVD1BL-300x300.jpg",300,300,true],"medium_large":["https:\/\/pladostelma.shop\/wp-content\/uploads\/KITPVD1BL-768x768.jpg",768,768,true],"large":["https:\/\/pladostelma.shop\/wp-content\/uploads\/KITPVD1BL-1024x1024.jpg",1024,1024,true],"1536x1536":["https:\/\/pladostelma.shop\/wp-content\/uploads\/KITPVD1BL.jpg",1280,1280,false],"2048x2048":["https:\/\/pladostelma.shop\/wp-content\/uploads\/KITPVD1BL.jpg",1280,1280,false],"trp-custom-language-flag":["https:\/\/pladostelma.shop\/wp-content\/uploads\/KITPVD1BL.jpg",12,12,false],"woocommerce_thumbnail":["https:\/\/pladostelma.shop\/wp-content\/uploads\/KITPVD1BL-300x300.jpg",300,300,true],"woocommerce_single":["https:\/\/pladostelma.shop\/wp-content\/uploads\/KITPVD1BL-800x800.jpg",800,800,true],"woocommerce_gallery_thumbnail":["https:\/\/pladostelma.shop\/wp-content\/uploads\/KITPVD1BL-100x100.jpg",100,100,true],"variation_swatches_image_size":["https:\/\/pladostelma.shop\/wp-content\/uploads\/KITPVD1BL.jpg",50,50,false],"variation_swatches_tooltip_size":["https:\/\/pladostelma.shop\/wp-content\/uploads\/KITPVD1BL.jpg",100,100,false]},"uagb_author_info":{"display_name":"admino","author_link":"https:\/\/pladostelma.shop\/es\/author\/"},"uagb_comment_info":0,"uagb_excerpt":"Piletta a una via, 1 griglia troppopieno rettangolare, 1 griglia troppopieno rotonda, in PVD. Pu\u00f2 essere richiesto anche successivamente all\u2019ordine del lavello. Compatibile con tutte le pilette standard da 3,5\". Misura: \u00f8 90 mm","_links":{"self":[{"href":"https:\/\/pladostelma.shop\/es\/wp-json\/wp\/v2\/product\/2513","targetHints":{"allow":["GET"]}}],"collection":[{"href":"https:\/\/pladostelma.shop\/es\/wp-json\/wp\/v2\/product"}],"about":[{"href":"https:\/\/pladostelma.shop\/es\/wp-json\/wp\/v2\/types\/product"}],"replies":[{"embeddable":true,"href":"https:\/\/pladostelma.shop\/es\/wp-json\/wp\/v2\/comments?post=2513"}],"wp:featuredmedia":[{"embeddable":true,"href":"https:\/\/pladostelma.shop\/es\/wp-json\/wp\/v2\/media\/3134"}],"wp:attachment":[{"href":"https:\/\/pladostelma.shop\/es\/wp-json\/wp\/v2\/media?parent=2513"}],"wp:term":[{"taxonomy":"product_brand","embeddable":true,"href":"https:\/\/pladostelma.shop\/es\/wp-json\/wp\/v2\/product_brand?post=2513"},{"taxonomy":"product_cat","embeddable":true,"href":"https:\/\/pladostelma.shop\/es\/wp-json\/wp\/v2\/product_cat?post=2513"},{"taxonomy":"product_tag","embeddable":true,"href":"https:\/\/pladostelma.shop\/es\/wp-json\/wp\/v2\/product_tag?post=2513"}],"curies":[{"name":"wp","href":"https:\/\/api.w.org\/{rel}","templated":true}]}}