{"id":2509,"date":"2022-06-24T14:55:06","date_gmt":"2022-06-24T12:55:06","guid":{"rendered":"https:\/\/pladostelma.shop\/?post_type=product&#038;p=2509"},"modified":"2026-03-10T11:50:06","modified_gmt":"2026-03-10T10:50:06","slug":"dekal","status":"publish","type":"product","link":"https:\/\/pladostelma.shop\/es\/dekal\/","title":{"rendered":"DEKAL"},"content":{"rendered":"","protected":false},"excerpt":{"rendered":"<p><strong>DEKAL<\/strong><br \/>\n250 ml - DEKAL es un eliminador de cal dise\u00f1ado para fregaderos Plados.<\/p>\n<p>Como todo lo que entra en contacto con el agua, el fregadero tambi\u00e9n puede ser propenso a la acumulaci\u00f3n de cal. Como consecuencia del contacto con restos de comida o bebida, la cal mancha y se hace cada vez m\u00e1s visible. Para eliminar la mancha, que no est\u00e1 en el material compuesto sino en el dep\u00f3sito de cal, hay que desincrustar el fregadero.<\/p>\n<p>DEKAL elimina la cal sin da\u00f1ar el brillo de los fregaderos de composite. Para las manchas m\u00e1s resistentes, se puede utilizar el quitamanchas EXTRACARE despu\u00e9s de eliminar la cal con DEKAL.<\/p>","protected":false},"featured_media":3209,"comment_status":"open","ping_status":"open","template":"","meta":{"_acf_changed":false,"_seopress_robots_primary_cat":"","_seopress_titles_title":"","_seopress_titles_desc":"","_seopress_robots_index":"","_uag_custom_page_level_css":"","iawp_total_views":1431},"product_brand":[],"product_cat":[23,49],"product_tag":[],"class_list":{"0":"post-2509","1":"product","2":"type-product","3":"status-publish","4":"has-post-thumbnail","6":"product_cat-accessori-lavelli","7":"product_cat-manutenzione-e-pulizia","9":"first","10":"instock","11":"taxable","12":"shipping-taxable","13":"purchasable","14":"product-type-simple"},"acf":[],"vendbase_acf":null,"vendbase_metabox":null,"uagb_featured_image_src":{"full":["https:\/\/pladostelma.shop\/wp-content\/uploads\/DEKAL-1.jpg",896,1280,false],"thumbnail":["https:\/\/pladostelma.shop\/wp-content\/uploads\/DEKAL-1-150x150.jpg",150,150,true],"medium":["https:\/\/pladostelma.shop\/wp-content\/uploads\/DEKAL-1-300x300.jpg",300,300,true],"medium_large":["https:\/\/pladostelma.shop\/wp-content\/uploads\/DEKAL-1-768x768.jpg",768,768,true],"large":["https:\/\/pladostelma.shop\/wp-content\/uploads\/DEKAL-1-1024x1024.jpg",1024,1024,true],"1536x1536":["https:\/\/pladostelma.shop\/wp-content\/uploads\/DEKAL-1.jpg",896,1280,false],"2048x2048":["https:\/\/pladostelma.shop\/wp-content\/uploads\/DEKAL-1.jpg",896,1280,false],"trp-custom-language-flag":["https:\/\/pladostelma.shop\/wp-content\/uploads\/DEKAL-1.jpg",8,12,false],"woocommerce_thumbnail":["https:\/\/pladostelma.shop\/wp-content\/uploads\/DEKAL-1-300x300.jpg",300,300,true],"woocommerce_single":["https:\/\/pladostelma.shop\/wp-content\/uploads\/DEKAL-1-800x800.jpg",800,800,true],"woocommerce_gallery_thumbnail":["https:\/\/pladostelma.shop\/wp-content\/uploads\/DEKAL-1-100x100.jpg",100,100,true],"variation_swatches_image_size":["https:\/\/pladostelma.shop\/wp-content\/uploads\/DEKAL-1.jpg",35,50,false],"variation_swatches_tooltip_size":["https:\/\/pladostelma.shop\/wp-content\/uploads\/DEKAL-1.jpg",70,100,false]},"uagb_author_info":{"display_name":"admino","author_link":"https:\/\/pladostelma.shop\/es\/author\/"},"uagb_comment_info":0,"uagb_excerpt":"DEKAL 250 ml - DEKAL \u00e8 un anticalcare studiato per i lavelli Plados. Come tutto ci\u00f2 che \u00e8 a contatto con l\u2019acqua, anche il lavello pu\u00f2 essere soggetto ad accumuli di calcare. ll calcare, a seguito di contatto con residui di cibo o bevande, si macchia, e diventa sempre pi\u00f9 visibile. Per eliminare la macchia,&hellip;","_links":{"self":[{"href":"https:\/\/pladostelma.shop\/es\/wp-json\/wp\/v2\/product\/2509","targetHints":{"allow":["GET"]}}],"collection":[{"href":"https:\/\/pladostelma.shop\/es\/wp-json\/wp\/v2\/product"}],"about":[{"href":"https:\/\/pladostelma.shop\/es\/wp-json\/wp\/v2\/types\/product"}],"replies":[{"embeddable":true,"href":"https:\/\/pladostelma.shop\/es\/wp-json\/wp\/v2\/comments?post=2509"}],"wp:featuredmedia":[{"embeddable":true,"href":"https:\/\/pladostelma.shop\/es\/wp-json\/wp\/v2\/media\/3209"}],"wp:attachment":[{"href":"https:\/\/pladostelma.shop\/es\/wp-json\/wp\/v2\/media?parent=2509"}],"wp:term":[{"taxonomy":"product_brand","embeddable":true,"href":"https:\/\/pladostelma.shop\/es\/wp-json\/wp\/v2\/product_brand?post=2509"},{"taxonomy":"product_cat","embeddable":true,"href":"https:\/\/pladostelma.shop\/es\/wp-json\/wp\/v2\/product_cat?post=2509"},{"taxonomy":"product_tag","embeddable":true,"href":"https:\/\/pladostelma.shop\/es\/wp-json\/wp\/v2\/product_tag?post=2509"}],"curies":[{"name":"wp","href":"https:\/\/api.w.org\/{rel}","templated":true}]}}