{"id":1495,"date":"2021-09-21T12:19:14","date_gmt":"2021-09-21T10:19:14","guid":{"rendered":"https:\/\/pladostelma.shop\/?page_id=1495"},"modified":"2021-09-21T12:19:17","modified_gmt":"2021-09-21T10:19:17","slug":"metodi-di-pagamento","status":"publish","type":"page","link":"https:\/\/pladostelma.shop\/es\/metodi-di-pagamento\/","title":{"rendered":"M\u00e9todos de pago"},"content":{"rendered":"<p>Usted puede comprar en nuestro sitio a trav\u00e9s de nuestros socios, Stripe, Paypal y transferencia bancaria.<\/p>\n\n\n\n<p>Stripe maneja todos los datos de las tarjetas de cr\u00e9dito, ninguna informaci\u00f3n pasa por nuestro sitio, toda la informaci\u00f3n de los pagos con tarjeta es manejada por Stripe en sus servidores con extremas medidas de seguridad.<\/p>\n\n\n\n<p>Con una cuenta de Paypal, puede pagar a trav\u00e9s de Paypal utilizando uno de sus muchos m\u00e9todos de pago disponibles.<\/p>","protected":false},"excerpt":{"rendered":"<p>\u00c8 possibile acquistare nel nostro sito attraverso i nostri Partner, Stripe, Paypal e Bonifico Bancario. Stripe gestisce tutti i dati relativi alle Carte di Credito, nessuna informazione passa nel nostro sito, tutte le informazioni relative ai pagamenti con carta sono gestite da Stripe nei loro server con estreme misure di sicurezza. Con un account Paypal, [&hellip;]<\/p>\n","protected":false},"author":1,"featured_media":0,"parent":0,"menu_order":0,"comment_status":"closed","ping_status":"closed","template":"","meta":{"_acf_changed":false,"_seopress_robots_primary_cat":"","_seopress_titles_title":"","_seopress_titles_desc":"","_seopress_robots_index":"","_uag_custom_page_level_css":"","iawp_total_views":130,"footnotes":""},"class_list":["post-1495","page","type-page","status-publish","hentry"],"acf":[],"uagb_featured_image_src":{"full":false,"thumbnail":false,"medium":false,"medium_large":false,"large":false,"1536x1536":false,"2048x2048":false,"trp-custom-language-flag":false,"woocommerce_thumbnail":false,"woocommerce_single":false,"woocommerce_gallery_thumbnail":false,"variation_swatches_image_size":false,"variation_swatches_tooltip_size":false},"uagb_author_info":{"display_name":"admino","author_link":"https:\/\/pladostelma.shop\/es\/author\/admino\/"},"uagb_comment_info":0,"uagb_excerpt":"\u00c8 possibile acquistare nel nostro sito attraverso i nostri Partner, Stripe, Paypal e Bonifico Bancario. Stripe gestisce tutti i dati relativi alle Carte di Credito, nessuna informazione passa nel nostro sito, tutte le informazioni relative ai pagamenti con carta sono gestite da Stripe nei loro server con estreme misure di sicurezza. Con un account Paypal,&hellip;","_links":{"self":[{"href":"https:\/\/pladostelma.shop\/es\/wp-json\/wp\/v2\/pages\/1495","targetHints":{"allow":["GET"]}}],"collection":[{"href":"https:\/\/pladostelma.shop\/es\/wp-json\/wp\/v2\/pages"}],"about":[{"href":"https:\/\/pladostelma.shop\/es\/wp-json\/wp\/v2\/types\/page"}],"author":[{"embeddable":true,"href":"https:\/\/pladostelma.shop\/es\/wp-json\/wp\/v2\/users\/1"}],"replies":[{"embeddable":true,"href":"https:\/\/pladostelma.shop\/es\/wp-json\/wp\/v2\/comments?post=1495"}],"version-history":[{"count":1,"href":"https:\/\/pladostelma.shop\/es\/wp-json\/wp\/v2\/pages\/1495\/revisions"}],"predecessor-version":[{"id":1496,"href":"https:\/\/pladostelma.shop\/es\/wp-json\/wp\/v2\/pages\/1495\/revisions\/1496"}],"wp:attachment":[{"href":"https:\/\/pladostelma.shop\/es\/wp-json\/wp\/v2\/media?parent=1495"}],"curies":[{"name":"wp","href":"https:\/\/api.w.org\/{rel}","templated":true}]}}