{"id":1493,"date":"2021-09-21T12:18:39","date_gmt":"2021-09-21T10:18:39","guid":{"rendered":"https:\/\/pladostelma.shop\/?page_id=1493"},"modified":"2026-01-07T10:01:00","modified_gmt":"2026-01-07T09:01:00","slug":"come-acquistare","status":"publish","type":"page","link":"https:\/\/pladostelma.shop\/es\/come-acquistare\/","title":{"rendered":"C\u00f3mo comprar"},"content":{"rendered":"<p>Hacer un pedido en la tienda PladosTelma es <strong>\u00a1f\u00e1cil!<\/strong> Puoi controllare i costi di spedizione e le modalit\u00e0 di consegna direttamente dalla nostra area supporto, insieme alle nostre condizioni e garanzie. Cerca tra i nostri prodotti ci\u00f2 che ti serve, oppure fai una ricerca tu stesso.Utilizzando la funzione di ricerca avanzata puoi filtrare tra categorie e trovare esattamente quel che cerchi. Una volta trovato il prodotto che ti interessa, inseriscilo nel carrello e procedi con il checkout. Potrai registrarti e fornirci i tuoi dati direttamente nel pagamento. In caso di problemi durante il checkout, contattaci e faremo il possibile per rispondere il prima possibile. Talvolta ti capiter\u00e0 di vedere un invito di chat spuntare in basso a sinistra. Vuol dire che un nostro operatore \u00e8 disponibile e potrai contattarlo direttamente nel caso tu abbia qualche dubbio o domanda. I nostri prezzi sono tutti comprensivi di IVA e non devi preoccuparti di nulla. Durante il checkout ti sar\u00e0 richiesto di effettuare l'accesso o di registrarti, questo per permetterci di offrire il miglior servizio e sicurezza. Potrai inserire l'indirizzo di consegna, pu\u00f2 essere diverso da quello di fatturazione. Le nostre modalit\u00e0 di pagamento sono estremamente flessibili e siamo sicuri ci sia un metodo adatto a te. Una volta che hai inoltrato il tuo ordine, se devi apportare modifiche ti consigliamo di contattarci immediatamente, altrimenti l'ordine verr\u00e0 spedito e non potrai pi\u00f9 fare nulla!<\/p>\n\n\n\n<h2 class=\"wp-block-heading\">He hecho el pedido, \u00bfy ahora qu\u00e9?<\/h2>\n\n\n\n<p> Lo \u00fanico que tiene que hacer es esperar a que llegue su pedido. Tras el env\u00edo, encontrar\u00e1 el c\u00f3digo de seguimiento en su \u00e1rea personal. Una vez que haya llegado el art\u00edculo, si est\u00e1 satisfecho escriba una rese\u00f1a. <\/p>\n\n\n\n<p>Si algo est\u00e1 mal, inf\u00f3rmenos a trav\u00e9s del servicio de asistencia o abra una solicitud de devoluci\u00f3n (RMA) en caso de que el art\u00edculo est\u00e9 defectuoso o no sea de su agrado. Recuerde que estamos a su disposici\u00f3n para cualquier aclaraci\u00f3n, esperamos que encuentre PladosTelma Shop a su gusto, y le deseamos una buena compra. <\/p>","protected":false},"excerpt":{"rendered":"<p>Ordinare su PladosTelma Shop \u00e8 facile! Puoi controllare i costi di spedizione e le modalit\u00e0 di consegna direttamente dalla nostra area supporto, insieme alle nostre condizioni e garanzie. Cerca tra i nostri prodotti ci\u00f2 che ti serve, oppure fai una ricerca tu stesso.Utilizzando la funzione di ricerca avanzata puoi filtrare tra categorie e trovare esattamente [&hellip;]<\/p>\n","protected":false},"author":1,"featured_media":0,"parent":0,"menu_order":0,"comment_status":"closed","ping_status":"closed","template":"","meta":{"_acf_changed":false,"_seopress_robots_primary_cat":"","_seopress_titles_title":"","_seopress_titles_desc":"","_seopress_robots_index":"","_uag_custom_page_level_css":"","iawp_total_views":989,"footnotes":""},"class_list":["post-1493","page","type-page","status-publish","hentry"],"acf":[],"uagb_featured_image_src":{"full":false,"thumbnail":false,"medium":false,"medium_large":false,"large":false,"1536x1536":false,"2048x2048":false,"trp-custom-language-flag":false,"woocommerce_thumbnail":false,"woocommerce_single":false,"woocommerce_gallery_thumbnail":false,"variation_swatches_image_size":false,"variation_swatches_tooltip_size":false},"uagb_author_info":{"display_name":"admino","author_link":"https:\/\/pladostelma.shop\/es\/author\/admino\/"},"uagb_comment_info":0,"uagb_excerpt":"Ordinare su PladosTelma Shop \u00e8 facile! Puoi controllare i costi di spedizione e le modalit\u00e0 di consegna direttamente dalla nostra area supporto, insieme alle nostre condizioni e garanzie. Cerca tra i nostri prodotti ci\u00f2 che ti serve, oppure fai una ricerca tu stesso.Utilizzando la funzione di ricerca avanzata puoi filtrare tra categorie e trovare esattamente&hellip;","_links":{"self":[{"href":"https:\/\/pladostelma.shop\/es\/wp-json\/wp\/v2\/pages\/1493","targetHints":{"allow":["GET"]}}],"collection":[{"href":"https:\/\/pladostelma.shop\/es\/wp-json\/wp\/v2\/pages"}],"about":[{"href":"https:\/\/pladostelma.shop\/es\/wp-json\/wp\/v2\/types\/page"}],"author":[{"embeddable":true,"href":"https:\/\/pladostelma.shop\/es\/wp-json\/wp\/v2\/users\/1"}],"replies":[{"embeddable":true,"href":"https:\/\/pladostelma.shop\/es\/wp-json\/wp\/v2\/comments?post=1493"}],"version-history":[{"count":2,"href":"https:\/\/pladostelma.shop\/es\/wp-json\/wp\/v2\/pages\/1493\/revisions"}],"predecessor-version":[{"id":29208,"href":"https:\/\/pladostelma.shop\/es\/wp-json\/wp\/v2\/pages\/1493\/revisions\/29208"}],"wp:attachment":[{"href":"https:\/\/pladostelma.shop\/es\/wp-json\/wp\/v2\/media?parent=1493"}],"curies":[{"name":"wp","href":"https:\/\/api.w.org\/{rel}","templated":true}]}}