{"id":1862,"date":"2021-09-21T16:10:43","date_gmt":"2021-09-21T14:10:43","guid":{"rendered":"https:\/\/pladostelma.shop\/extracare\/"},"modified":"2026-03-10T11:50:26","modified_gmt":"2026-03-10T10:50:26","slug":"extracare","status":"publish","type":"product","link":"https:\/\/pladostelma.shop\/en\/extracare\/","title":{"rendered":"EXTRACARE"},"content":{"rendered":"","protected":false},"excerpt":{"rendered":"<p><b>EXTRACARE<\/b><\/p>\n<p>500 ml - EXTRACARE is a stain remover for extraordinary cleaning.<\/p>\n<p>Active against the most stubborn dirt, it is designed to remove stains without damaging the colour and shine of composite sinks. Thanks to its dense formulation, it is also suitable for vertical application. The product dries very slowly, allowing the active agents to react for as long as possible. It is very easy to apply and leaves no marks. Ideally, Extracare should be used after removing limescale with DeKal.<\/p>\n<p>- Easy application even vertically<\/p>\n<p>- Gentle on acid-sensitive materials<\/p>\n<p>- Active against stubborn dirt<\/p>","protected":false},"featured_media":3206,"comment_status":"open","ping_status":"open","template":"","meta":{"_acf_changed":false,"_seopress_robots_primary_cat":"","_seopress_titles_title":"","_seopress_titles_desc":"","_seopress_robots_index":"","_uag_custom_page_level_css":"","iawp_total_views":1609},"product_brand":[],"product_cat":[23,49],"product_tag":[],"class_list":{"0":"post-1862","1":"product","2":"type-product","3":"status-publish","4":"has-post-thumbnail","6":"product_cat-accessori-lavelli","7":"product_cat-manutenzione-e-pulizia","9":"first","10":"instock","11":"taxable","12":"shipping-taxable","13":"purchasable","14":"product-type-simple"},"acf":[],"vendbase_acf":null,"vendbase_metabox":null,"uagb_featured_image_src":{"full":["https:\/\/pladostelma.shop\/wp-content\/uploads\/EXTRACARE-2.jpg",618,1280,false],"thumbnail":["https:\/\/pladostelma.shop\/wp-content\/uploads\/EXTRACARE-2-150x150.jpg",150,150,true],"medium":["https:\/\/pladostelma.shop\/wp-content\/uploads\/EXTRACARE-2-300x300.jpg",300,300,true],"medium_large":["https:\/\/pladostelma.shop\/wp-content\/uploads\/EXTRACARE-2-768x768.jpg",768,768,true],"large":["https:\/\/pladostelma.shop\/wp-content\/uploads\/EXTRACARE-2-1024x1024.jpg",1024,1024,true],"1536x1536":["https:\/\/pladostelma.shop\/wp-content\/uploads\/EXTRACARE-2.jpg",618,1280,false],"2048x2048":["https:\/\/pladostelma.shop\/wp-content\/uploads\/EXTRACARE-2.jpg",618,1280,false],"trp-custom-language-flag":["https:\/\/pladostelma.shop\/wp-content\/uploads\/EXTRACARE-2.jpg",6,12,false],"woocommerce_thumbnail":["https:\/\/pladostelma.shop\/wp-content\/uploads\/EXTRACARE-2-300x300.jpg",300,300,true],"woocommerce_single":["https:\/\/pladostelma.shop\/wp-content\/uploads\/EXTRACARE-2-800x800.jpg",800,800,true],"woocommerce_gallery_thumbnail":["https:\/\/pladostelma.shop\/wp-content\/uploads\/EXTRACARE-2-100x100.jpg",100,100,true],"variation_swatches_image_size":["https:\/\/pladostelma.shop\/wp-content\/uploads\/EXTRACARE-2.jpg",24,50,false],"variation_swatches_tooltip_size":["https:\/\/pladostelma.shop\/wp-content\/uploads\/EXTRACARE-2.jpg",48,100,false]},"uagb_author_info":{"display_name":"admino","author_link":"https:\/\/pladostelma.shop\/en\/author\/"},"uagb_comment_info":0,"uagb_excerpt":"EXTRACARE 500 ml - EXTRACARE \u00e8 un detergente smacchiante per le pulizie straordinarie. Attivo contro lo sporco pi\u00f9 ostinato, \u00e8 stato studiato per smacchiare senza danneggiare il colore e la lucentezza dei lavelli in materiale composito. Grazie alla sua formulazione densa \u00e8 indicato anche per l\u2019applicazione in verticale. Il prodotto asciuga molto lentamente, permettendo agli&hellip;","_links":{"self":[{"href":"https:\/\/pladostelma.shop\/en\/wp-json\/wp\/v2\/product\/1862","targetHints":{"allow":["GET"]}}],"collection":[{"href":"https:\/\/pladostelma.shop\/en\/wp-json\/wp\/v2\/product"}],"about":[{"href":"https:\/\/pladostelma.shop\/en\/wp-json\/wp\/v2\/types\/product"}],"replies":[{"embeddable":true,"href":"https:\/\/pladostelma.shop\/en\/wp-json\/wp\/v2\/comments?post=1862"}],"wp:featuredmedia":[{"embeddable":true,"href":"https:\/\/pladostelma.shop\/en\/wp-json\/wp\/v2\/media\/3206"}],"wp:attachment":[{"href":"https:\/\/pladostelma.shop\/en\/wp-json\/wp\/v2\/media?parent=1862"}],"wp:term":[{"taxonomy":"product_brand","embeddable":true,"href":"https:\/\/pladostelma.shop\/en\/wp-json\/wp\/v2\/product_brand?post=1862"},{"taxonomy":"product_cat","embeddable":true,"href":"https:\/\/pladostelma.shop\/en\/wp-json\/wp\/v2\/product_cat?post=1862"},{"taxonomy":"product_tag","embeddable":true,"href":"https:\/\/pladostelma.shop\/en\/wp-json\/wp\/v2\/product_tag?post=1862"}],"curies":[{"name":"wp","href":"https:\/\/api.w.org\/{rel}","templated":true}]}}